{"id":1015,"date":"2020-06-03T05:11:46","date_gmt":"2020-06-03T05:11:46","guid":{"rendered":"https:\/\/societyislands.com\/collaboration\/plans-dadhesion-pour-lhebergement\/"},"modified":"2020-06-10T04:17:04","modified_gmt":"2020-06-10T04:17:04","slug":"hebergements","status":"publish","type":"page","link":"https:\/\/societyislands.com\/fr\/adhesion\/hebergements\/","title":{"rendered":"Plans d&rsquo;adh\u00e9sion pour l&rsquo;h\u00e9bergement"},"content":{"rendered":"\n<h1 class=\"wp-block-heading\">Plans d&rsquo;adh\u00e9sion<\/h1>\n\n<h2 class=\"wp-block-heading\">Solution compl\u00e8te en ligne pour votre h\u00e9bergement sur Tahiti Et Ses \u00celes. Obtenez votre profil gratuit sur le site SocietyIslands.com ou am\u00e9liorez votre profil et obtenez votre propre site Web r\u00e9actif et convivial avec un nom de domaine personnalis\u00e9.<\/h2>\n","protected":false},"excerpt":{"rendered":"<p>Vous \u00eates propri\u00e9taire d&rsquo;un logement? Nous pouvons fournir une solution en ligne compl\u00e8te pour votre h\u00e9bergement sur Tahiti Et Ses \u00celes.<\/p>\n","protected":false},"author":1,"featured_media":0,"parent":437,"menu_order":0,"comment_status":"closed","ping_status":"closed","template":"page-pricing.php","meta":{"footnotes":""},"class_list":["post-1015","page","type-page","status-publish","hentry"],"_links":{"self":[{"href":"https:\/\/societyislands.com\/fr\/wp-json\/wp\/v2\/pages\/1015","targetHints":{"allow":["GET"]}}],"collection":[{"href":"https:\/\/societyislands.com\/fr\/wp-json\/wp\/v2\/pages"}],"about":[{"href":"https:\/\/societyislands.com\/fr\/wp-json\/wp\/v2\/types\/page"}],"author":[{"embeddable":true,"href":"https:\/\/societyislands.com\/fr\/wp-json\/wp\/v2\/users\/1"}],"replies":[{"embeddable":true,"href":"https:\/\/societyislands.com\/fr\/wp-json\/wp\/v2\/comments?post=1015"}],"version-history":[{"count":6,"href":"https:\/\/societyislands.com\/fr\/wp-json\/wp\/v2\/pages\/1015\/revisions"}],"predecessor-version":[{"id":1089,"href":"https:\/\/societyislands.com\/fr\/wp-json\/wp\/v2\/pages\/1015\/revisions\/1089"}],"up":[{"embeddable":true,"href":"https:\/\/societyislands.com\/fr\/wp-json\/wp\/v2\/pages\/437"}],"wp:attachment":[{"href":"https:\/\/societyislands.com\/fr\/wp-json\/wp\/v2\/media?parent=1015"}],"curies":[{"name":"wp","href":"https:\/\/api.w.org\/{rel}","templated":true}]}}