{"id":1019,"date":"2020-06-03T05:13:43","date_gmt":"2020-06-03T05:13:43","guid":{"rendered":"https:\/\/societyislands.com\/collaboration\/plans-dadhesion-pour-les-visites-et-excursions\/"},"modified":"2020-06-10T04:17:12","modified_gmt":"2020-06-10T04:17:12","slug":"tours-excursions","status":"publish","type":"page","link":"https:\/\/societyislands.com\/fr\/adhesion\/tours-excursions\/","title":{"rendered":"Plans d&rsquo;adh\u00e9sion pour les visites et excursions"},"content":{"rendered":"\n<h1 class=\"wp-block-heading\">Plans d&rsquo;adh\u00e9sion<\/h1>\n\n<h2 class=\"wp-block-heading\">Solution compl\u00e8te en ligne pour votre soci\u00e9t\u00e9 de circuits et excursions sur Tahiti Et Ses \u00celes. Obtenez votre profil gratuit sur le site SocietyIslands.com ou am\u00e9liorez votre profil et obtenez votre propre site Web r\u00e9actif et convivial avec un nom de domaine personnalis\u00e9.<\/h2>\n","protected":false},"excerpt":{"rendered":"<p>\u00cates-vous un fournisseur de circuits et d&rsquo;excursions? Nous pouvons fournir une solution en ligne compl\u00e8te pour votre soci\u00e9t\u00e9 de visites et excursions sur Tahiti Et Ses \u00celes.<\/p>\n","protected":false},"author":1,"featured_media":0,"parent":437,"menu_order":0,"comment_status":"closed","ping_status":"closed","template":"page-pricing.php","meta":{"footnotes":""},"class_list":["post-1019","page","type-page","status-publish","hentry"],"_links":{"self":[{"href":"https:\/\/societyislands.com\/fr\/wp-json\/wp\/v2\/pages\/1019","targetHints":{"allow":["GET"]}}],"collection":[{"href":"https:\/\/societyislands.com\/fr\/wp-json\/wp\/v2\/pages"}],"about":[{"href":"https:\/\/societyislands.com\/fr\/wp-json\/wp\/v2\/types\/page"}],"author":[{"embeddable":true,"href":"https:\/\/societyislands.com\/fr\/wp-json\/wp\/v2\/users\/1"}],"replies":[{"embeddable":true,"href":"https:\/\/societyislands.com\/fr\/wp-json\/wp\/v2\/comments?post=1019"}],"version-history":[{"count":4,"href":"https:\/\/societyislands.com\/fr\/wp-json\/wp\/v2\/pages\/1019\/revisions"}],"predecessor-version":[{"id":1093,"href":"https:\/\/societyislands.com\/fr\/wp-json\/wp\/v2\/pages\/1019\/revisions\/1093"}],"up":[{"embeddable":true,"href":"https:\/\/societyislands.com\/fr\/wp-json\/wp\/v2\/pages\/437"}],"wp:attachment":[{"href":"https:\/\/societyislands.com\/fr\/wp-json\/wp\/v2\/media?parent=1019"}],"curies":[{"name":"wp","href":"https:\/\/api.w.org\/{rel}","templated":true}]}}