{"id":437,"date":"2020-04-18T19:20:12","date_gmt":"2020-04-18T19:20:12","guid":{"rendered":"https:\/\/societyislands.com\/collaboration\/"},"modified":"2020-06-10T04:16:57","modified_gmt":"2020-06-10T04:16:57","slug":"adhesion","status":"publish","type":"page","link":"https:\/\/societyislands.com\/fr\/adhesion\/","title":{"rendered":"Adh\u00e9sion"},"content":{"rendered":"\n<h1 class=\"wp-block-heading\">Solution compl\u00e8te en ligne pour votre entreprise sur Tahiti Et Ses \u00celes<\/h1>\n\n<p>Ajoutez votre annonce sur le site Web de voyage puissant avec le meilleur nom de domaine sur les \u00celes de la Soci\u00e9t\u00e9 (Polyn\u00e9sie fran\u00e7aise). Obtenez votre profil gratuit sur le site SocietyIslands.com ou am\u00e9liorez votre profil et obtenez votre propre site Web r\u00e9actif et convivial avec un nom de domaine personnalis\u00e9. Ce n&rsquo;est toujours pas suffisant? Obtenez votre propre guide de voyage complet pour votre \u00eele et offrez \u00e0 vos clients une exp\u00e9rience inoubliable!<\/p>\n","protected":false},"excerpt":{"rendered":"<p>Solution en ligne compl\u00e8te pour votre entreprise sur Tahiti Et Ses \u00celes. Ajoutez votre annonce sur le site Web de voyage puissant avec le meilleur nom de domaine sur les \u00celes de la Soci\u00e9t\u00e9 (Polyn\u00e9sie fran\u00e7aise).<\/p>\n","protected":false},"author":1,"featured_media":0,"parent":0,"menu_order":0,"comment_status":"closed","ping_status":"closed","template":"page-membership.php","meta":{"footnotes":""},"class_list":["post-437","page","type-page","status-publish","hentry"],"_links":{"self":[{"href":"https:\/\/societyislands.com\/fr\/wp-json\/wp\/v2\/pages\/437","targetHints":{"allow":["GET"]}}],"collection":[{"href":"https:\/\/societyislands.com\/fr\/wp-json\/wp\/v2\/pages"}],"about":[{"href":"https:\/\/societyislands.com\/fr\/wp-json\/wp\/v2\/types\/page"}],"author":[{"embeddable":true,"href":"https:\/\/societyislands.com\/fr\/wp-json\/wp\/v2\/users\/1"}],"replies":[{"embeddable":true,"href":"https:\/\/societyislands.com\/fr\/wp-json\/wp\/v2\/comments?post=437"}],"version-history":[{"count":9,"href":"https:\/\/societyislands.com\/fr\/wp-json\/wp\/v2\/pages\/437\/revisions"}],"predecessor-version":[{"id":1087,"href":"https:\/\/societyislands.com\/fr\/wp-json\/wp\/v2\/pages\/437\/revisions\/1087"}],"wp:attachment":[{"href":"https:\/\/societyislands.com\/fr\/wp-json\/wp\/v2\/media?parent=437"}],"curies":[{"name":"wp","href":"https:\/\/api.w.org\/{rel}","templated":true}]}}